{"id":934,"date":"2024-05-08T14:33:11","date_gmt":"2024-05-08T18:33:11","guid":{"rendered":"https:\/\/julesverne.swlauriersb.qc.ca\/cafeteria\/"},"modified":"2025-10-06T13:29:14","modified_gmt":"2025-10-06T17:29:14","slug":"cafeteria","status":"publish","type":"page","link":"https:\/\/julesverne.swlauriersb.qc.ca\/fr\/services\/cafeteria\/","title":{"rendered":"Caf\u00e9t\u00e9ria"},"content":{"rendered":"\n<h2 class=\"wp-block-heading\">Les Trois Traiteurs Catering Service<\/h2>\n\n\n\n<p>Le service de traiteur d\u00e9butera le jeudi 3 septembre 2025.<\/p>\n\n\n\n<p>Pour toute question, veuillez contacter:<\/p>\n\n\n\n<p>Courriel:  info@lestroistraiteurs.com<\/p>\n\n\n\n<p>T\u00e9l\u00e9phone:  (514) 307-0440<\/p>\n\n\n\n<p>Chers parents,<br>Bonne nouvelle ! \u00c0 partir de la semaine prochaine, la plupart de nos repas du midi offriront une nouvelle option de portion plus grande (avec un l\u00e9ger suppl\u00e9ment). Cette nouveaut\u00e9 vient directement de vos demandes !<br>Important : les portions r\u00e9guli\u00e8res resteront toujours disponibles, au m\u00eame prix. Vous aurez donc le choix entre la portion habituelle ou la portion plus g\u00e9n\u00e9reuse, selon l\u2019app\u00e9tit de votre enfant.<br>Mais ce n\u2019est pas tout\u2026 En novembre, nous lancerons nos repas familiaux. Pr\u00e9par\u00e9s avec soin et pens\u00e9s pour vos soir\u00e9es, ces repas seront pr\u00eats \u00e0 \u00eatre ramass\u00e9s directement \u00e0 l\u2019\u00e9cole au moment o\u00f9 vous venez chercher vos enfants. Ainsi, vous repartirez avec vos enfants\u2026 et avec le souper d\u00e9j\u00e0 r\u00e9gl\u00e9. Simple, pratique et d\u00e9licieux !<br>Merci de votre confiance et de vos pr\u00e9cieux commentaires. Nous avons h\u00e2te de vous servir encore mieux !<\/p>\n","protected":false},"excerpt":{"rendered":"<p>Les Trois Traiteurs Catering Service Le service de traiteur d\u00e9butera le jeudi 3 septembre 2025. Pour toute question, veuillez contacter: Courriel: info@lestroistraiteurs.com T\u00e9l\u00e9phone: (514) 307-0440 Chers parents,Bonne nouvelle ! \u00c0 partir de la semaine prochaine, la plupart de nos repas du midi offriront une nouvelle option de portion plus grande (avec un l\u00e9ger suppl\u00e9ment). Cette&hellip;<\/p>\n","protected":false},"author":1,"featured_media":0,"parent":939,"menu_order":0,"comment_status":"closed","ping_status":"closed","template":"","meta":{"_acf_changed":false,"_relevanssi_hide_post":"","_relevanssi_hide_content":"","_relevanssi_pin_for_all":"","_relevanssi_pin_keywords":"","_relevanssi_unpin_keywords":"","_relevanssi_related_keywords":"","_relevanssi_related_include_ids":"","_relevanssi_related_exclude_ids":"","_relevanssi_related_no_append":"","_relevanssi_related_not_related":"","_relevanssi_related_posts":"","_relevanssi_noindex_reason":"","footnotes":""},"acf":[],"_links":{"self":[{"href":"https:\/\/julesverne.swlauriersb.qc.ca\/fr\/wp-json\/wp\/v2\/pages\/934"}],"collection":[{"href":"https:\/\/julesverne.swlauriersb.qc.ca\/fr\/wp-json\/wp\/v2\/pages"}],"about":[{"href":"https:\/\/julesverne.swlauriersb.qc.ca\/fr\/wp-json\/wp\/v2\/types\/page"}],"author":[{"embeddable":true,"href":"https:\/\/julesverne.swlauriersb.qc.ca\/fr\/wp-json\/wp\/v2\/users\/1"}],"replies":[{"embeddable":true,"href":"https:\/\/julesverne.swlauriersb.qc.ca\/fr\/wp-json\/wp\/v2\/comments?post=934"}],"version-history":[{"count":4,"href":"https:\/\/julesverne.swlauriersb.qc.ca\/fr\/wp-json\/wp\/v2\/pages\/934\/revisions"}],"predecessor-version":[{"id":1993,"href":"https:\/\/julesverne.swlauriersb.qc.ca\/fr\/wp-json\/wp\/v2\/pages\/934\/revisions\/1993"}],"up":[{"embeddable":true,"href":"https:\/\/julesverne.swlauriersb.qc.ca\/fr\/wp-json\/wp\/v2\/pages\/939"}],"wp:attachment":[{"href":"https:\/\/julesverne.swlauriersb.qc.ca\/fr\/wp-json\/wp\/v2\/media?parent=934"}],"curies":[{"name":"wp","href":"https:\/\/api.w.org\/{rel}","templated":true}]}}